{"id":183,"date":"2021-10-18T05:41:42","date_gmt":"2021-10-18T05:41:42","guid":{"rendered":"https:\/\/etnyreinternational.com\/politica-de-privacidad\/"},"modified":"2022-02-14T06:29:16","modified_gmt":"2022-02-14T06:29:16","slug":"politica-de-privacidad","status":"publish","type":"page","link":"https:\/\/etnyreinternational.com\/es\/politica-de-privacidad\/","title":{"rendered":"Pol\u00edtica de privacidad"},"content":{"rendered":"<div class=\"privacy-page\">\n<h2 class=\"tilte\">Aviso de Privacidad<\/h2>\n<p>Este aviso es para informarle a usted, el usuario, las pr\u00e1cticas de privacidad establecidas para <a href=\"https:\/\/etnyreinternational.com\/es\/\">https:\/\/etnyreinternational.com\/<\/a> . El aviso de privacidad se aplica \u00fanicamente a la informaci\u00f3n recopilada por este sitio web.<\/p>\n<p>Este aviso de privacidad cubrir\u00e1 lo siguiente:<\/p>\n<div class=\"privacy-inner\">\n<p><strong>Secci\u00f3n I &#8211;<\/strong> Qu\u00e9 informaci\u00f3n se recopila mediante el uso de este sitio web, c\u00f3mo se usa y con qui\u00e9n se puede compartir.<\/p>\n<p><strong>Secci\u00f3n II &#8211;<\/strong> Qu\u00e9 opciones tiene a su disposici\u00f3n con respecto al uso de sus datos.<\/p>\n<p><strong>Secci\u00f3n III &#8211;<\/strong> Los procedimientos de seguridad establecidos para proteger el uso indebido de su informaci\u00f3n.<\/p>\n<p><strong>Secci\u00f3n IV &#8211;<\/strong> C\u00f3mo puede corregir cualquier inexactitud en la informaci\u00f3n<\/p>\n<p><strong>Secci\u00f3n V &#8211;<\/strong> Otros avisos<\/p>\n<div class=\"elk-grove-list\">\n<ul>\n<li>Pol\u00edtica de cookies<\/li>\n<li>Aviso de Google AdWords<\/li>\n<li>Aviso de Google Analytics<\/li>\n<li>P\u00edxel de seguimiento de conversiones de Facebook<\/li>\n<\/ul>\n<\/div>\n<\/div>\n<h3>Secci\u00f3n I<\/h3>\n<p>Somos los \u00fanicos propietarios de la informaci\u00f3n recopilada en este sitio. Recopilamos datos personales a trav\u00e9s de formularios de contacto electr\u00f3nicos que puede completar manualmente. Estos datos podr\u00edan consistir en; nombre (nombre y apellido), correo electr\u00f3nico y n\u00fameros de tel\u00e9fono. Estos datos se recopilan con el fin de contactarlo (a su solicitud) y cumplir con su solicitud, por ejemplo, responder preguntas o completar un pedido.<\/p>\n<p>Este sitio web contiene enlaces a otros sitios. Tenga en cuenta que no podemos ser responsables del contenido o las pr\u00e1cticas de privacidad de otros sitios. Alentamos a nuestros usuarios a estar atentos cuando abandonan nuestro sitio y a leer las declaraciones de privacidad de cualquier otro sitio que recopile informaci\u00f3n de identificaci\u00f3n personal.<\/p>\n<p>Tambi\u00e9n recopilamos informaci\u00f3n que no lo identifica espec\u00edficamente, pero s\u00ed identifica sus actividades en forma de cookies para publicidad y seguimiento anal\u00edtico.<\/p>\n<p>De vez en cuando, nuestro sitio solicita informaci\u00f3n a trav\u00e9s de encuestas o concursos. La participaci\u00f3n en estas encuestas o concursos es completamente voluntaria y puede elegir si desea participar o no y, por lo tanto, divulgar esta informaci\u00f3n. La informaci\u00f3n solicitada puede incluir informaci\u00f3n de contacto (como nombre y direcci\u00f3n de env\u00edo) e informaci\u00f3n demogr\u00e1fica (como c\u00f3digo postal, nivel de edad). La informaci\u00f3n de contacto se utilizar\u00e1 para notificar a los ganadores y otorgar premios. La informaci\u00f3n de la encuesta se utilizar\u00e1 para monitorear o mejorar el uso y la satisfacci\u00f3n de este sitio.<\/p>\n<h3>Secci\u00f3n II<\/h3>\n<p>Puede optar por no recibir nuestros contactos futuros en cualquier momento. Puede hacer lo siguiente en cualquier momento poni\u00e9ndose en contacto con nosotros a trav\u00e9s de la direcci\u00f3n de correo electr\u00f3nico o el n\u00famero de tel\u00e9fono que figura en nuestro sitio web:<\/p>\n<div class=\"elk-grove-list\">\n<ul>\n<li>Vea qu\u00e9 datos tenemos sobre usted, si los hay.<\/li>\n<li>Cambiar \/ corregir cualquier dato que tengamos sobre usted.<\/li>\n<li>Haga que eliminemos cualquier dato que tengamos sobre usted.<\/li>\n<li>Exprese cualquier inquietud que tenga sobre el uso que hacemos de sus datos.<\/li>\n<\/ul>\n<\/div>\n<h3>Secci\u00f3n III<\/h3>\n<p>Tomamos precauciones para proteger su informaci\u00f3n. Cuando env\u00eda informaci\u00f3n confidencial a trav\u00e9s del sitio web, su informaci\u00f3n est\u00e1 protegida tanto en l\u00ednea como fuera de l\u00ednea.<\/p>\n<p>Todos los datos recopilados se realizan de forma segura. La informaci\u00f3n se cifra y se nos transmite de forma segura. Esto se puede verificar buscando un icono de candado en la barra de direcciones y buscando \u00abhttps\u00bb al comienzo de la direcci\u00f3n de nuestro sitio web.<\/p>\n<p>Si bien utilizamos el cifrado para proteger la informaci\u00f3n confidencial transmitida en l\u00ednea, tambi\u00e9n protegemos su informaci\u00f3n fuera de l\u00ednea. Solo los empleados que necesitan la informaci\u00f3n para realizar un trabajo espec\u00edfico (por ejemplo, facturaci\u00f3n o servicio al cliente) tienen acceso a informaci\u00f3n de identificaci\u00f3n personal. Las computadoras \/ servidores en los que almacenamos informaci\u00f3n de identificaci\u00f3n personal se mantienen en un entorno seguro.<\/p>\n<h3>Secci\u00f3n IV<\/h3>\n<p>Si cree que no estamos cumpliendo con esta pol\u00edtica de privacidad, debe comunicarse con nosotros de inmediato por tel\u00e9fono.<\/p>\n<h3>Secci\u00f3n V<\/h3>\n<h4>Pol\u00edtica de cookies<\/h4>\n<p>Al usar o acceder a <a href=\"https:\/\/etnyreinternational.com\/es\/\">https:\/\/etnyreinternational.com\/<\/a> , usted acepta nuestro uso de Cookies de la siguiente manera:<\/p>\n<p>Esta pol\u00edtica ayuda a explicar las ocasiones en las que y por qu\u00e9 se pueden enviar cookies a los visitantes de nuestro sitio web. Las \u201ccookies\u201d son piezas de informaci\u00f3n de solo texto que un sitio web transfiere al disco duro de una persona u otro equipo de navegaci\u00f3n del sitio web con fines de mantenimiento de registros. Las cookies permiten que nuestro sitio web recuerde informaci\u00f3n importante que har\u00e1 que su uso del sitio sea m\u00e1s conveniente. Por lo general, una cookie contendr\u00e1 el nombre del dominio del que proviene, la \u00abvida \u00fatil\u00bb de la cookie y un n\u00famero \u00fanico u otro valor generado aleatoriamente. Como la mayor\u00eda de los sitios web, utilizamos cookies para una variedad de prop\u00f3sitos con el fin de mejorar su experiencia en l\u00ednea, para an\u00e1lisis y marketing, pero espec\u00edficamente usamos cookies en nuestro sitio web para los siguientes prop\u00f3sitos.<\/p>\n<ol>\n<li> <strong>Fines anal\u00edticos:<\/strong> Utilizamos cookies para analizar la actividad de uso con el fin de mejorar nuestro sitio web. Por ejemplo, al usar cookies podemos observar patrones agregados como el n\u00famero promedio de p\u00e1ginas que ver\u00eda un visitante. Podemos utilizar dicho an\u00e1lisis para obtener informaci\u00f3n sobre c\u00f3mo mejorar la funcionalidad, el contenido y la experiencia del usuario de nuestro sitio web.<\/li>\n<li> <strong>Tus preferencias:<\/strong> Podemos utilizar cookies para almacenar ciertas preferencias de usuario en nuestro sitio web. Por ejemplo, podr\u00edamos almacenar las b\u00fasquedas recientes que ha realizado en una cookie para que podamos permitirle repetir f\u00e1cilmente esas b\u00fasquedas cuando regrese a nuestro sitio web.<\/li>\n<li> <strong>M\u00e1rketing:<\/strong> Usamos cookies de socios externos como Google y Facebook con fines de marcado. Estas cookies nos permiten mostrarle material promocional en otros sitios que visite en Internet.<\/li>\n<\/ol>\n<h2>Aviso de Google AdWords<\/h2>\n<p>Este sitio web utiliza el servicio de remarketing de Google AdWords para anunciar en sitios web de terceros (incluido Google) a visitantes anteriores de nuestro sitio web. Podr\u00eda significar que anunciamos a vistos anteriores que no han completado una tarea (completar f\u00edsica \/ electr\u00f3nicamente un formulario de contacto). Esto podr\u00eda ser en forma de un anuncio en la p\u00e1gina de resultados de b\u00fasqueda de Google o un sitio en la Red de Display de Google. Los proveedores externos, incluido Google, utilizan cookies para publicar anuncios basados en visitas anteriores de alguien a <a href=\"https:\/\/etnyreinternational.com\/es\/\">https:\/\/etnyreinternational.com\/<\/a> . Todos los datos recopilados se utilizar\u00e1n de acuerdo con nuestra propia pol\u00edtica de privacidad y la pol\u00edtica de privacidad de Google.<\/p>\n<h2>Aviso de Google Analytics<\/h2>\n<p>Utilizamos los datos de la audiencia de terceros de Google Analytics, como la edad, el g\u00e9nero y los intereses, para comprender mejor el comportamiento de nuestros clientes y trabajar con empresas que recopilan informaci\u00f3n sobre sus actividades en l\u00ednea para proporcionar publicidad dirigida a sus intereses y preferencias.<\/p>\n<h2>P\u00edxel de seguimiento de conversiones de Facebook<\/h2>\n<p>Este sitio web utiliza P\u00edxeles de seguimiento de conversiones de Facebook, esta herramienta nos permite seguir las acciones de los usuarios despu\u00e9s de que son redirigidos a nuestro sitio web despu\u00e9s de hacer clic en un anuncio de Facebook. Podemos registrar la eficacia de los anuncios de Facebook con fines estad\u00edsticos y de marketing. Los datos recopilados permanecen an\u00f3nimos. Esto significa que no podemos ver los datos personales de ning\u00fan usuario individual. Sin embargo, Facebook guarda y procesa los datos recopilados. Facebook puede conectar los datos con su cuenta de Facebook y utilizar los datos para sus propios fines publicitarios, de acuerdo con la Pol\u00edtica de uso de datos de Facebook que se encuentra en<a href=\"https:\/\/www.facebook.com\/about\/privacy\/\" target=\"_blank\" rel=\"noopener noreferrer\"> https:\/\/www.facebook.com\/about\/privacy\/<\/a> . El seguimiento de conversiones de Facebook tambi\u00e9n permite que Facebook y sus socios le muestren anuncios dentro y fuera de Facebook. Adem\u00e1s, se guardar\u00e1 una cookie en su computadora para estos fines.<\/p>\n<\/div>\n","protected":false},"excerpt":{"rendered":"<p>Aviso de Privacidad Este aviso es para informarle a usted, el usuario, las pr\u00e1cticas de privacidad establecidas para https:\/\/etnyreinternational.com\/ . El aviso de privacidad se aplica \u00fanicamente a la informaci\u00f3n recopilada por este sitio web. Este aviso de privacidad cubrir\u00e1 lo siguiente: Secci\u00f3n I &#8211; Qu\u00e9 informaci\u00f3n se recopila mediante el uso de este sitio &hellip; <a href=\"https:\/\/etnyreinternational.com\/es\/politica-de-privacidad\/\" class=\"more-link\">Continue reading <span class=\"screen-reader-text\">Pol\u00edtica de privacidad<\/span><\/a><\/p>\n","protected":false},"author":1,"featured_media":0,"parent":0,"menu_order":0,"comment_status":"closed","ping_status":"closed","template":"","meta":{"_acf_changed":false,"footnotes":""},"class_list":["post-183","page","type-page","status-publish","hentry"],"acf":[],"yoast_head":"<!-- This site is optimized with the Yoast SEO plugin v27.4 - https:\/\/yoast.com\/product\/yoast-seo-wordpress\/ -->\n<title>Pol\u00edtica de privacidad - Etnyre International<\/title>\n<meta name=\"robots\" content=\"index, follow, max-snippet:-1, max-image-preview:large, max-video-preview:-1\" \/>\n<link rel=\"canonical\" href=\"https:\/\/etnyreinternational.com\/es\/politica-de-privacidad\/\" \/>\n<meta property=\"og:locale\" content=\"es_ES\" \/>\n<meta property=\"og:type\" content=\"article\" \/>\n<meta property=\"og:title\" content=\"Pol\u00edtica de privacidad - Etnyre International\" \/>\n<meta property=\"og:description\" content=\"Aviso de Privacidad Este aviso es para informarle a usted, el usuario, las pr\u00e1cticas de privacidad establecidas para https:\/\/etnyreinternational.com\/ . El aviso de privacidad se aplica \u00fanicamente a la informaci\u00f3n recopilada por este sitio web. Este aviso de privacidad cubrir\u00e1 lo siguiente: Secci\u00f3n I &#8211; Qu\u00e9 informaci\u00f3n se recopila mediante el uso de este sitio &hellip; Continue reading Pol\u00edtica de privacidad\" \/>\n<meta property=\"og:url\" content=\"https:\/\/etnyreinternational.com\/es\/politica-de-privacidad\/\" \/>\n<meta property=\"og:site_name\" content=\"Etnyre International\" \/>\n<meta property=\"article:modified_time\" content=\"2022-02-14T06:29:16+00:00\" \/>\n<meta name=\"twitter:card\" content=\"summary_large_image\" \/>\n<meta name=\"twitter:label1\" content=\"Tiempo de lectura\" \/>\n\t<meta name=\"twitter:data1\" content=\"7 minutos\" \/>\n<script type=\"application\/ld+json\" class=\"yoast-schema-graph\">{\"@context\":\"https:\\\/\\\/schema.org\",\"@graph\":[{\"@type\":\"WebPage\",\"@id\":\"https:\\\/\\\/etnyreinternational.com\\\/es\\\/politica-de-privacidad\\\/\",\"url\":\"https:\\\/\\\/etnyreinternational.com\\\/es\\\/politica-de-privacidad\\\/\",\"name\":\"Pol\u00edtica de privacidad - Etnyre International\",\"isPartOf\":{\"@id\":\"https:\\\/\\\/etnyreinternational.com\\\/es\\\/#website\"},\"datePublished\":\"2021-10-18T05:41:42+00:00\",\"dateModified\":\"2022-02-14T06:29:16+00:00\",\"inLanguage\":\"es\",\"potentialAction\":[{\"@type\":\"ReadAction\",\"target\":[\"https:\\\/\\\/etnyreinternational.com\\\/es\\\/politica-de-privacidad\\\/\"]}]},{\"@type\":\"WebSite\",\"@id\":\"https:\\\/\\\/etnyreinternational.com\\\/es\\\/#website\",\"url\":\"https:\\\/\\\/etnyreinternational.com\\\/es\\\/\",\"name\":\"Etnyre International\",\"description\":\"\",\"potentialAction\":[{\"@type\":\"SearchAction\",\"target\":{\"@type\":\"EntryPoint\",\"urlTemplate\":\"https:\\\/\\\/etnyreinternational.com\\\/es\\\/?s={search_term_string}\"},\"query-input\":{\"@type\":\"PropertyValueSpecification\",\"valueRequired\":true,\"valueName\":\"search_term_string\"}}],\"inLanguage\":\"es\"}]}<\/script>\n<!-- \/ Yoast SEO plugin. -->","yoast_head_json":{"title":"Pol\u00edtica de privacidad - Etnyre International","robots":{"index":"index","follow":"follow","max-snippet":"max-snippet:-1","max-image-preview":"max-image-preview:large","max-video-preview":"max-video-preview:-1"},"canonical":"https:\/\/etnyreinternational.com\/es\/politica-de-privacidad\/","og_locale":"es_ES","og_type":"article","og_title":"Pol\u00edtica de privacidad - Etnyre International","og_description":"Aviso de Privacidad Este aviso es para informarle a usted, el usuario, las pr\u00e1cticas de privacidad establecidas para https:\/\/etnyreinternational.com\/ . El aviso de privacidad se aplica \u00fanicamente a la informaci\u00f3n recopilada por este sitio web. Este aviso de privacidad cubrir\u00e1 lo siguiente: Secci\u00f3n I &#8211; Qu\u00e9 informaci\u00f3n se recopila mediante el uso de este sitio &hellip; Continue reading Pol\u00edtica de privacidad","og_url":"https:\/\/etnyreinternational.com\/es\/politica-de-privacidad\/","og_site_name":"Etnyre International","article_modified_time":"2022-02-14T06:29:16+00:00","twitter_card":"summary_large_image","twitter_misc":{"Tiempo de lectura":"7 minutos"},"schema":{"@context":"https:\/\/schema.org","@graph":[{"@type":"WebPage","@id":"https:\/\/etnyreinternational.com\/es\/politica-de-privacidad\/","url":"https:\/\/etnyreinternational.com\/es\/politica-de-privacidad\/","name":"Pol\u00edtica de privacidad - Etnyre International","isPartOf":{"@id":"https:\/\/etnyreinternational.com\/es\/#website"},"datePublished":"2021-10-18T05:41:42+00:00","dateModified":"2022-02-14T06:29:16+00:00","inLanguage":"es","potentialAction":[{"@type":"ReadAction","target":["https:\/\/etnyreinternational.com\/es\/politica-de-privacidad\/"]}]},{"@type":"WebSite","@id":"https:\/\/etnyreinternational.com\/es\/#website","url":"https:\/\/etnyreinternational.com\/es\/","name":"Etnyre International","description":"","potentialAction":[{"@type":"SearchAction","target":{"@type":"EntryPoint","urlTemplate":"https:\/\/etnyreinternational.com\/es\/?s={search_term_string}"},"query-input":{"@type":"PropertyValueSpecification","valueRequired":true,"valueName":"search_term_string"}}],"inLanguage":"es"}]}},"_links":{"self":[{"href":"https:\/\/etnyreinternational.com\/es\/wp-json\/wp\/v2\/pages\/183","targetHints":{"allow":["GET"]}}],"collection":[{"href":"https:\/\/etnyreinternational.com\/es\/wp-json\/wp\/v2\/pages"}],"about":[{"href":"https:\/\/etnyreinternational.com\/es\/wp-json\/wp\/v2\/types\/page"}],"author":[{"embeddable":true,"href":"https:\/\/etnyreinternational.com\/es\/wp-json\/wp\/v2\/users\/1"}],"replies":[{"embeddable":true,"href":"https:\/\/etnyreinternational.com\/es\/wp-json\/wp\/v2\/comments?post=183"}],"version-history":[{"count":2,"href":"https:\/\/etnyreinternational.com\/es\/wp-json\/wp\/v2\/pages\/183\/revisions"}],"predecessor-version":[{"id":504,"href":"https:\/\/etnyreinternational.com\/es\/wp-json\/wp\/v2\/pages\/183\/revisions\/504"}],"wp:attachment":[{"href":"https:\/\/etnyreinternational.com\/es\/wp-json\/wp\/v2\/media?parent=183"}],"curies":[{"name":"wp","href":"https:\/\/api.w.org\/{rel}","templated":true}]}}