{"id":185,"date":"2021-10-18T05:41:42","date_gmt":"2021-10-18T05:41:42","guid":{"rendered":"https:\/\/etnyreinternational.com\/sobre-nosotros\/"},"modified":"2023-12-18T10:44:53","modified_gmt":"2023-12-18T10:44:53","slug":"sobre-nosotros","status":"publish","type":"page","link":"https:\/\/etnyreinternational.com\/es\/sobre-nosotros\/","title":{"rendered":"Sobre nosotros"},"content":{"rendered":"<h2>Sobre Etnyre International<\/h2>\n<p>Etnyre International es la empresa matriz de BearCat Manufacturing y ED Etnyre &amp; Company, dos l\u00edderes en equipos de construcci\u00f3n para la industria de construcci\u00f3n de carreteras de asfalto. En 2020, Etnyre International incorpor\u00f3 a Rayner Equipment Systems, un fabricante de clase mundial de m\u00e1quinas de recubrimiento de sellado, sellado en suspensi\u00f3n y micropavimentos. A fines de 2020, SMF, Inc. se uni\u00f3 a la familia de Etnyre International. SMF se especializa en mecanizado y fabricaci\u00f3n de metales de primera clase. La adquisici\u00f3n de SMF diversific\u00f3 la presencia de Etnyre International en el sector manufacturero.<\/p>\n<p>Etnyre International contin\u00faa liderando la industria con su legendario compromiso con el mercado. Nos enorgullecemos de fabricar equipos excelentes que contribuyen a la calidad de las carreteras en todo el mundo y de fabricar productos para otras industrias. Los productos fabricados bajo el paraguas de Etnyre International combinan m\u00e1s de 100 a\u00f1os de experiencia con los \u00faltimos avances tecnol\u00f3gicos para brindar a los clientes el m\u00e1ximo rendimiento y confiabilidad.<\/p>\n","protected":false},"excerpt":{"rendered":"<p>Sobre Etnyre International Etnyre International es la empresa matriz de BearCat Manufacturing y ED Etnyre &amp; Company, dos l\u00edderes en equipos de construcci\u00f3n para la industria de construcci\u00f3n de carreteras de asfalto. En 2020, Etnyre International incorpor\u00f3 a Rayner Equipment Systems, un fabricante de clase mundial de m\u00e1quinas de recubrimiento de sellado, sellado en suspensi\u00f3n &hellip; <a href=\"https:\/\/etnyreinternational.com\/es\/sobre-nosotros\/\" class=\"more-link\">Continue reading <span class=\"screen-reader-text\">Sobre nosotros<\/span><\/a><\/p>\n","protected":false},"author":1,"featured_media":0,"parent":0,"menu_order":0,"comment_status":"closed","ping_status":"closed","template":"template\/about-us.php","meta":{"_acf_changed":false,"footnotes":""},"class_list":["post-185","page","type-page","status-publish","hentry"],"acf":[],"yoast_head":"<!-- This site is optimized with the Yoast SEO plugin v27.3 - https:\/\/yoast.com\/product\/yoast-seo-wordpress\/ -->\n<title>Sobre nosotros - Etnyre International<\/title>\n<meta name=\"robots\" content=\"index, follow, max-snippet:-1, max-image-preview:large, max-video-preview:-1\" \/>\n<link rel=\"canonical\" href=\"https:\/\/etnyreinternational.com\/es\/sobre-nosotros\/\" \/>\n<meta property=\"og:locale\" content=\"es_ES\" \/>\n<meta property=\"og:type\" content=\"article\" \/>\n<meta property=\"og:title\" content=\"Sobre nosotros - Etnyre International\" \/>\n<meta property=\"og:description\" content=\"Sobre Etnyre International Etnyre International es la empresa matriz de BearCat Manufacturing y ED Etnyre &amp; Company, dos l\u00edderes en equipos de construcci\u00f3n para la industria de construcci\u00f3n de carreteras de asfalto. En 2020, Etnyre International incorpor\u00f3 a Rayner Equipment Systems, un fabricante de clase mundial de m\u00e1quinas de recubrimiento de sellado, sellado en suspensi\u00f3n &hellip; Continue reading Sobre nosotros\" \/>\n<meta property=\"og:url\" content=\"https:\/\/etnyreinternational.com\/es\/sobre-nosotros\/\" \/>\n<meta property=\"og:site_name\" content=\"Etnyre International\" \/>\n<meta property=\"article:modified_time\" content=\"2023-12-18T10:44:53+00:00\" \/>\n<meta name=\"twitter:card\" content=\"summary_large_image\" \/>\n<meta name=\"twitter:label1\" content=\"Tiempo de lectura\" \/>\n\t<meta name=\"twitter:data1\" content=\"1 minuto\" \/>\n<script type=\"application\/ld+json\" class=\"yoast-schema-graph\">{\"@context\":\"https:\\\/\\\/schema.org\",\"@graph\":[{\"@type\":\"WebPage\",\"@id\":\"https:\\\/\\\/etnyreinternational.com\\\/es\\\/sobre-nosotros\\\/\",\"url\":\"https:\\\/\\\/etnyreinternational.com\\\/es\\\/sobre-nosotros\\\/\",\"name\":\"Sobre nosotros - Etnyre International\",\"isPartOf\":{\"@id\":\"https:\\\/\\\/etnyreinternational.com\\\/es\\\/#website\"},\"datePublished\":\"2021-10-18T05:41:42+00:00\",\"dateModified\":\"2023-12-18T10:44:53+00:00\",\"inLanguage\":\"es\",\"potentialAction\":[{\"@type\":\"ReadAction\",\"target\":[\"https:\\\/\\\/etnyreinternational.com\\\/es\\\/sobre-nosotros\\\/\"]}]},{\"@type\":\"WebSite\",\"@id\":\"https:\\\/\\\/etnyreinternational.com\\\/es\\\/#website\",\"url\":\"https:\\\/\\\/etnyreinternational.com\\\/es\\\/\",\"name\":\"Etnyre International\",\"description\":\"\",\"potentialAction\":[{\"@type\":\"SearchAction\",\"target\":{\"@type\":\"EntryPoint\",\"urlTemplate\":\"https:\\\/\\\/etnyreinternational.com\\\/es\\\/?s={search_term_string}\"},\"query-input\":{\"@type\":\"PropertyValueSpecification\",\"valueRequired\":true,\"valueName\":\"search_term_string\"}}],\"inLanguage\":\"es\"}]}<\/script>\n<!-- \/ Yoast SEO plugin. -->","yoast_head_json":{"title":"Sobre nosotros - Etnyre International","robots":{"index":"index","follow":"follow","max-snippet":"max-snippet:-1","max-image-preview":"max-image-preview:large","max-video-preview":"max-video-preview:-1"},"canonical":"https:\/\/etnyreinternational.com\/es\/sobre-nosotros\/","og_locale":"es_ES","og_type":"article","og_title":"Sobre nosotros - Etnyre International","og_description":"Sobre Etnyre International Etnyre International es la empresa matriz de BearCat Manufacturing y ED Etnyre &amp; Company, dos l\u00edderes en equipos de construcci\u00f3n para la industria de construcci\u00f3n de carreteras de asfalto. En 2020, Etnyre International incorpor\u00f3 a Rayner Equipment Systems, un fabricante de clase mundial de m\u00e1quinas de recubrimiento de sellado, sellado en suspensi\u00f3n &hellip; Continue reading Sobre nosotros","og_url":"https:\/\/etnyreinternational.com\/es\/sobre-nosotros\/","og_site_name":"Etnyre International","article_modified_time":"2023-12-18T10:44:53+00:00","twitter_card":"summary_large_image","twitter_misc":{"Tiempo de lectura":"1 minuto"},"schema":{"@context":"https:\/\/schema.org","@graph":[{"@type":"WebPage","@id":"https:\/\/etnyreinternational.com\/es\/sobre-nosotros\/","url":"https:\/\/etnyreinternational.com\/es\/sobre-nosotros\/","name":"Sobre nosotros - Etnyre International","isPartOf":{"@id":"https:\/\/etnyreinternational.com\/es\/#website"},"datePublished":"2021-10-18T05:41:42+00:00","dateModified":"2023-12-18T10:44:53+00:00","inLanguage":"es","potentialAction":[{"@type":"ReadAction","target":["https:\/\/etnyreinternational.com\/es\/sobre-nosotros\/"]}]},{"@type":"WebSite","@id":"https:\/\/etnyreinternational.com\/es\/#website","url":"https:\/\/etnyreinternational.com\/es\/","name":"Etnyre International","description":"","potentialAction":[{"@type":"SearchAction","target":{"@type":"EntryPoint","urlTemplate":"https:\/\/etnyreinternational.com\/es\/?s={search_term_string}"},"query-input":{"@type":"PropertyValueSpecification","valueRequired":true,"valueName":"search_term_string"}}],"inLanguage":"es"}]}},"_links":{"self":[{"href":"https:\/\/etnyreinternational.com\/es\/wp-json\/wp\/v2\/pages\/185","targetHints":{"allow":["GET"]}}],"collection":[{"href":"https:\/\/etnyreinternational.com\/es\/wp-json\/wp\/v2\/pages"}],"about":[{"href":"https:\/\/etnyreinternational.com\/es\/wp-json\/wp\/v2\/types\/page"}],"author":[{"embeddable":true,"href":"https:\/\/etnyreinternational.com\/es\/wp-json\/wp\/v2\/users\/1"}],"replies":[{"embeddable":true,"href":"https:\/\/etnyreinternational.com\/es\/wp-json\/wp\/v2\/comments?post=185"}],"version-history":[{"count":7,"href":"https:\/\/etnyreinternational.com\/es\/wp-json\/wp\/v2\/pages\/185\/revisions"}],"predecessor-version":[{"id":521,"href":"https:\/\/etnyreinternational.com\/es\/wp-json\/wp\/v2\/pages\/185\/revisions\/521"}],"wp:attachment":[{"href":"https:\/\/etnyreinternational.com\/es\/wp-json\/wp\/v2\/media?parent=185"}],"curies":[{"name":"wp","href":"https:\/\/api.w.org\/{rel}","templated":true}]}}