{"id":187,"date":"2021-10-18T05:41:43","date_gmt":"2021-10-18T05:41:43","guid":{"rendered":"https:\/\/etnyreinternational.com\/hogar\/"},"modified":"2024-05-16T06:10:42","modified_gmt":"2024-05-16T06:10:42","slug":"hogar","status":"publish","type":"page","link":"https:\/\/etnyreinternational.com\/es\/","title":{"rendered":"Hogar"},"content":{"rendered":"<h2>Nuestras marcas<\/h2>\n<p>Haga clic en el logotipo de nuestras marcas a continuaci\u00f3n para visitar su sitio web<\/p>\n","protected":false},"excerpt":{"rendered":"<p>Nuestras marcas Haga clic en el logotipo de nuestras marcas a continuaci\u00f3n para visitar su sitio web<\/p>\n","protected":false},"author":1,"featured_media":0,"parent":0,"menu_order":0,"comment_status":"closed","ping_status":"closed","template":"template\/home.php","meta":{"_acf_changed":false,"footnotes":""},"class_list":["post-187","page","type-page","status-publish","hentry"],"acf":[],"yoast_head":"<!-- This site is optimized with the Yoast SEO plugin v27.3 - https:\/\/yoast.com\/product\/yoast-seo-wordpress\/ -->\n<title>Hogar - Etnyre International<\/title>\n<meta name=\"description\" content=\"Etnyre International es la empresa matriz de BearCat Manufacturing y ED Etnyre &amp; Company, dos l\u00edderes en la construcci\u00f3n de equipos para la industria de la construcci\u00f3n de carreteras de asfalto.\" \/>\n<meta name=\"robots\" content=\"index, follow, max-snippet:-1, max-image-preview:large, max-video-preview:-1\" \/>\n<link rel=\"canonical\" href=\"https:\/\/etnyreinternational.com\/es\/\" \/>\n<meta property=\"og:locale\" content=\"es_ES\" \/>\n<meta property=\"og:type\" content=\"article\" \/>\n<meta property=\"og:title\" content=\"Hogar - Etnyre International\" \/>\n<meta property=\"og:description\" content=\"Etnyre International es la empresa matriz de BearCat Manufacturing y ED Etnyre &amp; Company, dos l\u00edderes en la construcci\u00f3n de equipos para la industria de la construcci\u00f3n de carreteras de asfalto.\" \/>\n<meta property=\"og:url\" content=\"https:\/\/etnyreinternational.com\/es\/\" \/>\n<meta property=\"og:site_name\" content=\"Etnyre International\" \/>\n<meta property=\"article:modified_time\" content=\"2024-05-16T06:10:42+00:00\" \/>\n<meta name=\"twitter:card\" content=\"summary_large_image\" \/>\n<script type=\"application\/ld+json\" class=\"yoast-schema-graph\">{\"@context\":\"https:\\\/\\\/schema.org\",\"@graph\":[{\"@type\":\"WebPage\",\"@id\":\"https:\\\/\\\/etnyreinternational.com\\\/es\\\/\",\"url\":\"https:\\\/\\\/etnyreinternational.com\\\/es\\\/\",\"name\":\"Hogar - Etnyre International\",\"isPartOf\":{\"@id\":\"https:\\\/\\\/etnyreinternational.com\\\/es\\\/#website\"},\"datePublished\":\"2021-10-18T05:41:43+00:00\",\"dateModified\":\"2024-05-16T06:10:42+00:00\",\"description\":\"Etnyre International es la empresa matriz de BearCat Manufacturing y ED Etnyre & Company, dos l\u00edderes en la construcci\u00f3n de equipos para la industria de la construcci\u00f3n de carreteras de asfalto.\",\"inLanguage\":\"es\",\"potentialAction\":[{\"@type\":\"ReadAction\",\"target\":[\"https:\\\/\\\/etnyreinternational.com\\\/es\\\/\"]}]},{\"@type\":\"WebSite\",\"@id\":\"https:\\\/\\\/etnyreinternational.com\\\/es\\\/#website\",\"url\":\"https:\\\/\\\/etnyreinternational.com\\\/es\\\/\",\"name\":\"Etnyre International\",\"description\":\"\",\"potentialAction\":[{\"@type\":\"SearchAction\",\"target\":{\"@type\":\"EntryPoint\",\"urlTemplate\":\"https:\\\/\\\/etnyreinternational.com\\\/es\\\/?s={search_term_string}\"},\"query-input\":{\"@type\":\"PropertyValueSpecification\",\"valueRequired\":true,\"valueName\":\"search_term_string\"}}],\"inLanguage\":\"es\"}]}<\/script>\n<!-- \/ Yoast SEO plugin. -->","yoast_head_json":{"title":"Hogar - Etnyre International","description":"Etnyre International es la empresa matriz de BearCat Manufacturing y ED Etnyre & Company, dos l\u00edderes en la construcci\u00f3n de equipos para la industria de la construcci\u00f3n de carreteras de asfalto.","robots":{"index":"index","follow":"follow","max-snippet":"max-snippet:-1","max-image-preview":"max-image-preview:large","max-video-preview":"max-video-preview:-1"},"canonical":"https:\/\/etnyreinternational.com\/es\/","og_locale":"es_ES","og_type":"article","og_title":"Hogar - Etnyre International","og_description":"Etnyre International es la empresa matriz de BearCat Manufacturing y ED Etnyre & Company, dos l\u00edderes en la construcci\u00f3n de equipos para la industria de la construcci\u00f3n de carreteras de asfalto.","og_url":"https:\/\/etnyreinternational.com\/es\/","og_site_name":"Etnyre International","article_modified_time":"2024-05-16T06:10:42+00:00","twitter_card":"summary_large_image","schema":{"@context":"https:\/\/schema.org","@graph":[{"@type":"WebPage","@id":"https:\/\/etnyreinternational.com\/es\/","url":"https:\/\/etnyreinternational.com\/es\/","name":"Hogar - Etnyre International","isPartOf":{"@id":"https:\/\/etnyreinternational.com\/es\/#website"},"datePublished":"2021-10-18T05:41:43+00:00","dateModified":"2024-05-16T06:10:42+00:00","description":"Etnyre International es la empresa matriz de BearCat Manufacturing y ED Etnyre & Company, dos l\u00edderes en la construcci\u00f3n de equipos para la industria de la construcci\u00f3n de carreteras de asfalto.","inLanguage":"es","potentialAction":[{"@type":"ReadAction","target":["https:\/\/etnyreinternational.com\/es\/"]}]},{"@type":"WebSite","@id":"https:\/\/etnyreinternational.com\/es\/#website","url":"https:\/\/etnyreinternational.com\/es\/","name":"Etnyre International","description":"","potentialAction":[{"@type":"SearchAction","target":{"@type":"EntryPoint","urlTemplate":"https:\/\/etnyreinternational.com\/es\/?s={search_term_string}"},"query-input":{"@type":"PropertyValueSpecification","valueRequired":true,"valueName":"search_term_string"}}],"inLanguage":"es"}]}},"_links":{"self":[{"href":"https:\/\/etnyreinternational.com\/es\/wp-json\/wp\/v2\/pages\/187","targetHints":{"allow":["GET"]}}],"collection":[{"href":"https:\/\/etnyreinternational.com\/es\/wp-json\/wp\/v2\/pages"}],"about":[{"href":"https:\/\/etnyreinternational.com\/es\/wp-json\/wp\/v2\/types\/page"}],"author":[{"embeddable":true,"href":"https:\/\/etnyreinternational.com\/es\/wp-json\/wp\/v2\/users\/1"}],"replies":[{"embeddable":true,"href":"https:\/\/etnyreinternational.com\/es\/wp-json\/wp\/v2\/comments?post=187"}],"version-history":[{"count":4,"href":"https:\/\/etnyreinternational.com\/es\/wp-json\/wp\/v2\/pages\/187\/revisions"}],"predecessor-version":[{"id":502,"href":"https:\/\/etnyreinternational.com\/es\/wp-json\/wp\/v2\/pages\/187\/revisions\/502"}],"wp:attachment":[{"href":"https:\/\/etnyreinternational.com\/es\/wp-json\/wp\/v2\/media?parent=187"}],"curies":[{"name":"wp","href":"https:\/\/api.w.org\/{rel}","templated":true}]}}